{"id":1035,"date":"2023-11-09T14:10:42","date_gmt":"2023-11-09T07:10:42","guid":{"rendered":"https:\/\/38904.phuha.vinawebsite.vn\/hoi-nghi\/king-hall\/"},"modified":"2025-12-04T16:49:37","modified_gmt":"2025-12-04T09:49:37","slug":"king-hall","status":"publish","type":"page","link":"https:\/\/royalhotelsaigon.com\/vi\/hoi-nghi-va-phong-hop\/king-hall\/","title":{"rendered":"King Hall"},"content":{"rendered":"<div id=\"bgZGH7gR05KZYzpw\">\n<div id=\"qLCYIQEP6YBEARjI\">\n<div id=\"Q9WHvXVz3O99Ir5S\">\n<p>T\u1ecda l\u1ea1c \u1edf t\u1ea7ng 2 khu B c\u1ee7a kh\u00e1ch s\u1ea1n, King Hall v\u1edbi ch\u1ee9a l\u00ean \u0111\u1ebfn 500 kh\u00e1ch \u0111\u00e2y l\u00e0 \u0111\u1ecba \u0111i\u1ec3m l\u00fd t\u01b0\u1edfng cho nh\u1eefng s\u1ef1 ki\u1ec7n quy m\u00f4 l\u1edbn<\/p>\n<ul>\n<li>Di\u1ec7n t\u00edch: 560m<sup>2<\/sup><\/li>\n<li>M\u00f4 h\u00ecnh h\u00ecnh l\u1edbp h\u1ecdc: 300 kh\u00e1ch<\/li>\n<li>M\u00f4 h\u00ecnh r\u1ea1p h\u00e1t: 500 kh\u00e1ch<\/li>\n<li>M\u00f4 h\u00ecnh ch\u1eef U: 200 kh\u00e1ch<\/li>\n<\/ul>\n<p>\u0110\u1ec3 bi\u1ebft th\u00eam th\u00f4ng tin, h\u00e3y g\u1ecdi:\u00a0(84-28) 3822 5914<\/p>\n<\/div>\n<\/div>\n<\/div>\n","protected":false},"excerpt":{"rendered":"<p>T\u1ecda l\u1ea1c \u1edf t\u1ea7ng 2 khu B c\u1ee7a kh\u00e1ch s\u1ea1n, King Hall v\u1edbi ch\u1ee9a l\u00ean \u0111\u1ebfn 500 kh\u00e1ch \u0111\u00e2y l\u00e0 \u0111\u1ecba \u0111i\u1ec3m l\u00fd t\u01b0\u1edfng cho nh\u1eefng s\u1ef1 ki\u1ec7n quy m\u00f4 l\u1edbn<\/p>\n","protected":false},"author":1,"featured_media":4097,"parent":476,"menu_order":0,"comment_status":"closed","ping_status":"closed","template":"page-meeting-child.php","meta":{"footnotes":""},"class_list":["post-1035","page","type-page","status-publish","has-post-thumbnail","hentry"],"acf":[],"_links":{"self":[{"href":"https:\/\/royalhotelsaigon.com\/vi\/wp-json\/wp\/v2\/pages\/1035","targetHints":{"allow":["GET"]}}],"collection":[{"href":"https:\/\/royalhotelsaigon.com\/vi\/wp-json\/wp\/v2\/pages"}],"about":[{"href":"https:\/\/royalhotelsaigon.com\/vi\/wp-json\/wp\/v2\/types\/page"}],"author":[{"embeddable":true,"href":"https:\/\/royalhotelsaigon.com\/vi\/wp-json\/wp\/v2\/users\/1"}],"replies":[{"embeddable":true,"href":"https:\/\/royalhotelsaigon.com\/vi\/wp-json\/wp\/v2\/comments?post=1035"}],"version-history":[{"count":13,"href":"https:\/\/royalhotelsaigon.com\/vi\/wp-json\/wp\/v2\/pages\/1035\/revisions"}],"predecessor-version":[{"id":4217,"href":"https:\/\/royalhotelsaigon.com\/vi\/wp-json\/wp\/v2\/pages\/1035\/revisions\/4217"}],"up":[{"embeddable":true,"href":"https:\/\/royalhotelsaigon.com\/vi\/wp-json\/wp\/v2\/pages\/476"}],"wp:featuredmedia":[{"embeddable":true,"href":"https:\/\/royalhotelsaigon.com\/vi\/wp-json\/wp\/v2\/media\/4097"}],"wp:attachment":[{"href":"https:\/\/royalhotelsaigon.com\/vi\/wp-json\/wp\/v2\/media?parent=1035"}],"curies":[{"name":"wp","href":"https:\/\/api.w.org\/{rel}","templated":true}]}}