{"id":1039,"date":"2023-11-09T13:41:02","date_gmt":"2023-11-09T06:41:02","guid":{"rendered":"https:\/\/38904.phuha.vinawebsite.vn\/hoi-nghi\/lotus-hall\/"},"modified":"2025-07-23T08:59:32","modified_gmt":"2025-07-23T01:59:32","slug":"lotus-hall","status":"publish","type":"page","link":"https:\/\/royalhotelsaigon.com\/vi\/hoi-nghi-va-phong-hop\/lotus-hall\/","title":{"rendered":"Lotus Hall"},"content":{"rendered":"<div id=\"bgZGH7gR05KZYzpw\">\n<div id=\"qLCYIQEP6YBEARjI\">\n<div id=\"Q9WHvXVz3O99Ir5S\">\n<p>T\u1ecda l\u1ea1c \u1edf t\u1ea7ng 9 khu B c\u1ee7a kh\u00e1ch s\u1ea1n, Lotus Hall mang \u0111\u1eadm phong c\u00e1ch sang tr\u1ecdng ph\u00f9 h\u1ee3p cho c\u00e1c s\u1ef1 ki\u1ec7n c\u1ea7n s\u1ef1 chuy\u00ean nghi\u1ec7p v\u00e0 c\u00f3 quy m\u00f4 d\u01b0\u1edbi 250 kh\u00e1ch.<\/p>\n<ul>\n<li>Di\u1ec7n t\u00edch: 405m<sup>2<\/sup><\/li>\n<li>M\u00f4 h\u00ecnh h\u00ecnh l\u1edbp h\u1ecdc: 150 kh\u00e1ch<\/li>\n<li>M\u00f4 h\u00ecnh r\u1ea1p h\u00e1t: 250 kh\u00e1ch<\/li>\n<li>M\u00f4 h\u00ecnh ch\u1eef U: 120 kh\u00e1ch<\/li>\n<\/ul>\n<p>\u0110\u1ec3 bi\u1ebft th\u00eam th\u00f4ng tin, h\u00e3y g\u1ecdi:\u00a0(84-28) 3822 5914<\/p>\n<\/div>\n<\/div>\n<\/div>\n","protected":false},"excerpt":{"rendered":"<p>T\u1ecda l\u1ea1c \u1edf t\u1ea7ng 9 khu B c\u1ee7a kh\u00e1ch s\u1ea1n, Lotus Hall mang \u0111\u1eadm phong c\u00e1ch sang tr\u1ecdng ph\u00f9 h\u1ee3p cho c\u00e1c s\u1ef1 ki\u1ec7n c\u1ea7n s\u1ef1 chuy\u00ean nghi\u1ec7p v\u00e0 c\u00f3 quy m\u00f4 d\u01b0\u1edbi 250 kh\u00e1ch.<\/p>\n","protected":false},"author":1,"featured_media":3712,"parent":476,"menu_order":0,"comment_status":"closed","ping_status":"closed","template":"page-meeting-child.php","meta":{"footnotes":""},"class_list":["post-1039","page","type-page","status-publish","has-post-thumbnail","hentry"],"acf":[],"_links":{"self":[{"href":"https:\/\/royalhotelsaigon.com\/vi\/wp-json\/wp\/v2\/pages\/1039","targetHints":{"allow":["GET"]}}],"collection":[{"href":"https:\/\/royalhotelsaigon.com\/vi\/wp-json\/wp\/v2\/pages"}],"about":[{"href":"https:\/\/royalhotelsaigon.com\/vi\/wp-json\/wp\/v2\/types\/page"}],"author":[{"embeddable":true,"href":"https:\/\/royalhotelsaigon.com\/vi\/wp-json\/wp\/v2\/users\/1"}],"replies":[{"embeddable":true,"href":"https:\/\/royalhotelsaigon.com\/vi\/wp-json\/wp\/v2\/comments?post=1039"}],"version-history":[{"count":9,"href":"https:\/\/royalhotelsaigon.com\/vi\/wp-json\/wp\/v2\/pages\/1039\/revisions"}],"predecessor-version":[{"id":3764,"href":"https:\/\/royalhotelsaigon.com\/vi\/wp-json\/wp\/v2\/pages\/1039\/revisions\/3764"}],"up":[{"embeddable":true,"href":"https:\/\/royalhotelsaigon.com\/vi\/wp-json\/wp\/v2\/pages\/476"}],"wp:featuredmedia":[{"embeddable":true,"href":"https:\/\/royalhotelsaigon.com\/vi\/wp-json\/wp\/v2\/media\/3712"}],"wp:attachment":[{"href":"https:\/\/royalhotelsaigon.com\/vi\/wp-json\/wp\/v2\/media?parent=1039"}],"curies":[{"name":"wp","href":"https:\/\/api.w.org\/{rel}","templated":true}]}}