{"id":1043,"date":"2023-11-09T14:21:43","date_gmt":"2023-11-09T07:21:43","guid":{"rendered":"https:\/\/38904.phuha.vinawebsite.vn\/hoi-nghi\/orchid-room\/"},"modified":"2025-12-04T16:17:47","modified_gmt":"2025-12-04T09:17:47","slug":"orchid-room","status":"publish","type":"page","link":"https:\/\/royalhotelsaigon.com\/vi\/hoi-nghi-va-phong-hop\/orchid-room\/","title":{"rendered":"Orchid room"},"content":{"rendered":"<div id=\"bgZGH7gR05KZYzpw\">\n<div id=\"qLCYIQEP6YBEARjI\">\n<div id=\"Q9WHvXVz3O99Ir5S\">\n<p>T\u1ecda l\u1ea1c \u1edf t\u1ea7ng 5 khu A c\u1ee7a kh\u00e1ch s\u1ea1n, Orchird l\u00e0 \u0111\u1ecba \u0111i\u1ec3m ph\u00f9 h\u1ee3p cho c\u00e1c bu\u1ed5i h\u1ecdp c\u1ea7n kh\u00f4ng gian \u1ea5m c\u00fang v\u00e0 nhi\u1ec1u \u00e1nh s\u00e1ng t\u1ef1 nhi\u00ean.<\/p>\n<ul>\n<li>Di\u1ec7n t\u00edch: 20m<sup>2<\/sup><\/li>\n<li>M\u00f4 h\u00ecnh b\u1ea7u d\u1ee5c: 10 kh\u00e1ch<\/li>\n<\/ul>\n<p>\u0110\u1ec3 bi\u1ebft th\u00eam th\u00f4ng tin li\u00ean h\u1ec7: (84-28) 3822 5914<\/p>\n<\/div>\n<\/div>\n<\/div>\n","protected":false},"excerpt":{"rendered":"<p>T\u1ecda l\u1ea1c \u1edf t\u1ea7ng 5 khu A c\u1ee7a kh\u00e1ch s\u1ea1n, Orchird l\u00e0 \u0111\u1ecba \u0111i\u1ec3m ph\u00f9 h\u1ee3p cho c\u00e1c bu\u1ed5i h\u1ecdp c\u1ea7n kh\u00f4ng gian \u1ea5m c\u00fang v\u00e0 nhi\u1ec1u \u00e1nh s\u00e1ng t\u1ef1 nhi\u00ean.<\/p>\n","protected":false},"author":1,"featured_media":3278,"parent":476,"menu_order":0,"comment_status":"closed","ping_status":"closed","template":"page-meeting-child.php","meta":{"footnotes":""},"class_list":["post-1043","page","type-page","status-publish","has-post-thumbnail","hentry"],"acf":[],"_links":{"self":[{"href":"https:\/\/royalhotelsaigon.com\/vi\/wp-json\/wp\/v2\/pages\/1043","targetHints":{"allow":["GET"]}}],"collection":[{"href":"https:\/\/royalhotelsaigon.com\/vi\/wp-json\/wp\/v2\/pages"}],"about":[{"href":"https:\/\/royalhotelsaigon.com\/vi\/wp-json\/wp\/v2\/types\/page"}],"author":[{"embeddable":true,"href":"https:\/\/royalhotelsaigon.com\/vi\/wp-json\/wp\/v2\/users\/1"}],"replies":[{"embeddable":true,"href":"https:\/\/royalhotelsaigon.com\/vi\/wp-json\/wp\/v2\/comments?post=1043"}],"version-history":[{"count":10,"href":"https:\/\/royalhotelsaigon.com\/vi\/wp-json\/wp\/v2\/pages\/1043\/revisions"}],"predecessor-version":[{"id":4206,"href":"https:\/\/royalhotelsaigon.com\/vi\/wp-json\/wp\/v2\/pages\/1043\/revisions\/4206"}],"up":[{"embeddable":true,"href":"https:\/\/royalhotelsaigon.com\/vi\/wp-json\/wp\/v2\/pages\/476"}],"wp:featuredmedia":[{"embeddable":true,"href":"https:\/\/royalhotelsaigon.com\/vi\/wp-json\/wp\/v2\/media\/3278"}],"wp:attachment":[{"href":"https:\/\/royalhotelsaigon.com\/vi\/wp-json\/wp\/v2\/media?parent=1043"}],"curies":[{"name":"wp","href":"https:\/\/api.w.org\/{rel}","templated":true}]}}