{"id":1046,"date":"2023-11-09T14:05:33","date_gmt":"2023-11-09T07:05:33","guid":{"rendered":"https:\/\/38904.phuha.vinawebsite.vn\/hoi-nghi\/queen-hall\/"},"modified":"2025-07-22T18:03:36","modified_gmt":"2025-07-22T11:03:36","slug":"queen-hall","status":"publish","type":"page","link":"https:\/\/royalhotelsaigon.com\/vi\/hoi-nghi-va-phong-hop\/queen-hall\/","title":{"rendered":"Queen Hall"},"content":{"rendered":"<div id=\"bgZGH7gR05KZYzpw\">\n<div id=\"qLCYIQEP6YBEARjI\">\n<div id=\"Q9WHvXVz3O99Ir5S\">\n<div id=\"bgZGH7gR05KZYzpw\">\n<div id=\"qLCYIQEP6YBEARjI\">\n<div id=\"Q9WHvXVz3O99Ir5S\">\n<p>T\u1ecda l\u1ea1c \u1edf t\u1ea7ng 1 khu B c\u1ee7a kh\u00e1ch s\u1ea1n, Queen Hall l\u00e0 s\u1ef1 l\u1ef1a ch\u1ecdn ph\u00f9 h\u1ee3p cho c\u00e1c s\u1ef1 ki\u1ec7n nh\u01b0 ti\u1ec7c c\u01b0\u1edbi, kh\u00f4i n\u00f4i \u0111\u1ebfn h\u1ed9i ngh\u1ecb, h\u1ed9i th\u1ea3o, \u2026<\/p>\n<ul>\n<li>Di\u1ec7n t\u00edch: 476m<sup>2<\/sup><\/li>\n<li>M\u00f4 h\u00ecnh h\u00ecnh l\u1edbp h\u1ecdc: 220 kh\u00e1ch<\/li>\n<li>M\u00f4 h\u00ecnh r\u1ea1p h\u00e1t: 400 kh\u00e1ch<\/li>\n<li>M\u00f4 h\u00ecnh ch\u1eef U: 150 kh\u00e1ch<\/li>\n<\/ul>\n<p>\u0110\u1ec3 bi\u1ebft th\u00eam th\u00f4ng tin, h\u00e3y g\u1ecdi:\u00a0(84-28) 3822 5914<\/p>\n<\/div>\n<\/div>\n<\/div>\n<\/div>\n<\/div>\n<\/div>\n","protected":false},"excerpt":{"rendered":"<p>T\u1ecda l\u1ea1c \u1edf t\u1ea7ng 1 khu B c\u1ee7a kh\u00e1ch s\u1ea1n, Queen Hall l\u00e0 s\u1ef1 l\u1ef1a ch\u1ecdn ph\u00f9 h\u1ee3p cho c\u00e1c s\u1ef1 ki\u1ec7n nh\u01b0 ti\u1ec7c c\u01b0\u1edbi, kh\u00f4i n\u00f4i \u0111\u1ebfn h\u1ed9i ngh\u1ecb, h\u1ed9i th\u1ea3o, \u2026<\/p>\n","protected":false},"author":1,"featured_media":3724,"parent":476,"menu_order":0,"comment_status":"closed","ping_status":"closed","template":"page-meeting-child.php","meta":{"footnotes":""},"class_list":["post-1046","page","type-page","status-publish","has-post-thumbnail","hentry"],"acf":[],"_links":{"self":[{"href":"https:\/\/royalhotelsaigon.com\/vi\/wp-json\/wp\/v2\/pages\/1046","targetHints":{"allow":["GET"]}}],"collection":[{"href":"https:\/\/royalhotelsaigon.com\/vi\/wp-json\/wp\/v2\/pages"}],"about":[{"href":"https:\/\/royalhotelsaigon.com\/vi\/wp-json\/wp\/v2\/types\/page"}],"author":[{"embeddable":true,"href":"https:\/\/royalhotelsaigon.com\/vi\/wp-json\/wp\/v2\/users\/1"}],"replies":[{"embeddable":true,"href":"https:\/\/royalhotelsaigon.com\/vi\/wp-json\/wp\/v2\/comments?post=1046"}],"version-history":[{"count":8,"href":"https:\/\/royalhotelsaigon.com\/vi\/wp-json\/wp\/v2\/pages\/1046\/revisions"}],"predecessor-version":[{"id":3760,"href":"https:\/\/royalhotelsaigon.com\/vi\/wp-json\/wp\/v2\/pages\/1046\/revisions\/3760"}],"up":[{"embeddable":true,"href":"https:\/\/royalhotelsaigon.com\/vi\/wp-json\/wp\/v2\/pages\/476"}],"wp:featuredmedia":[{"embeddable":true,"href":"https:\/\/royalhotelsaigon.com\/vi\/wp-json\/wp\/v2\/media\/3724"}],"wp:attachment":[{"href":"https:\/\/royalhotelsaigon.com\/vi\/wp-json\/wp\/v2\/media?parent=1046"}],"curies":[{"name":"wp","href":"https:\/\/api.w.org\/{rel}","templated":true}]}}