{"id":1050,"date":"2023-11-09T14:18:55","date_gmt":"2023-11-09T07:18:55","guid":{"rendered":"https:\/\/38904.phuha.vinawebsite.vn\/hoi-nghi\/rose-room\/"},"modified":"2024-03-18T11:11:56","modified_gmt":"2024-03-18T04:11:56","slug":"rose-room","status":"publish","type":"page","link":"https:\/\/royalhotelsaigon.com\/vi\/hoi-nghi-va-phong-hop\/rose-room\/","title":{"rendered":"Rose room"},"content":{"rendered":"<div id=\"bgZGH7gR05KZYzpw\">\n<div id=\"qLCYIQEP6YBEARjI\">\n<div id=\"Q9WHvXVz3O99Ir5S\">\n<div id=\"bgZGH7gR05KZYzpw\">\n<div id=\"qLCYIQEP6YBEARjI\">\n<div id=\"Q9WHvXVz3O99Ir5S\">\n<p>T\u1ecda l\u1ea1c \u1edf t\u1ea7ng 3 khu A c\u1ee7a kh\u00e1ch s\u1ea1n, Rose c\u00f3 th\u1ec3 \u0111\u00e1p \u1ee9ng \u0111\u01b0\u1ee3c c\u00e1c bu\u1ed5i h\u1ecdp m\u1eb7t v\u00e0 h\u1ed9i nghi c\u1ea7n m\u1ed9t kh\u00f4ng gian chuy\u00ean nghi\u1ec7p v\u00e0 sang tr\u1ecdng.<\/p>\n<ul>\n<li>Di\u1ec7n t\u00edch: 50m<sup>2<\/sup><\/li>\n<li>M\u00f4 h\u00ecnh b\u1ea7u d\u1ee5c: 22 kh\u00e1ch<\/li>\n<\/ul>\n<p>\u0110\u1ec3 bi\u1ebft th\u00eam th\u00f4ng tin, h\u00e3y g\u1ecdi:\u00a0(84-28) 3822 5914<\/p>\n<\/div>\n<\/div>\n<\/div>\n<\/div>\n<\/div>\n<\/div>\n","protected":false},"excerpt":{"rendered":"<p>T\u1ecda l\u1ea1c \u1edf t\u1ea7ng 3 khu A c\u1ee7a kh\u00e1ch s\u1ea1n, Rose c\u00f3 th\u1ec3 \u0111\u00e1p \u1ee9ng \u0111\u01b0\u1ee3c c\u00e1c bu\u1ed5i h\u1ecdp m\u1eb7t v\u00e0 h\u1ed9i nghi c\u1ea7n m\u1ed9t kh\u00f4ng gian chuy\u00ean nghi\u1ec7p v\u00e0 sang tr\u1ecdng.<\/p>\n","protected":false},"author":1,"featured_media":2723,"parent":476,"menu_order":0,"comment_status":"closed","ping_status":"closed","template":"page-meeting-child.php","meta":{"footnotes":""},"class_list":["post-1050","page","type-page","status-publish","has-post-thumbnail","hentry"],"acf":[],"_links":{"self":[{"href":"https:\/\/royalhotelsaigon.com\/vi\/wp-json\/wp\/v2\/pages\/1050","targetHints":{"allow":["GET"]}}],"collection":[{"href":"https:\/\/royalhotelsaigon.com\/vi\/wp-json\/wp\/v2\/pages"}],"about":[{"href":"https:\/\/royalhotelsaigon.com\/vi\/wp-json\/wp\/v2\/types\/page"}],"author":[{"embeddable":true,"href":"https:\/\/royalhotelsaigon.com\/vi\/wp-json\/wp\/v2\/users\/1"}],"replies":[{"embeddable":true,"href":"https:\/\/royalhotelsaigon.com\/vi\/wp-json\/wp\/v2\/comments?post=1050"}],"version-history":[{"count":5,"href":"https:\/\/royalhotelsaigon.com\/vi\/wp-json\/wp\/v2\/pages\/1050\/revisions"}],"predecessor-version":[{"id":2725,"href":"https:\/\/royalhotelsaigon.com\/vi\/wp-json\/wp\/v2\/pages\/1050\/revisions\/2725"}],"up":[{"embeddable":true,"href":"https:\/\/royalhotelsaigon.com\/vi\/wp-json\/wp\/v2\/pages\/476"}],"wp:featuredmedia":[{"embeddable":true,"href":"https:\/\/royalhotelsaigon.com\/vi\/wp-json\/wp\/v2\/media\/2723"}],"wp:attachment":[{"href":"https:\/\/royalhotelsaigon.com\/vi\/wp-json\/wp\/v2\/media?parent=1050"}],"curies":[{"name":"wp","href":"https:\/\/api.w.org\/{rel}","templated":true}]}}