{"id":1054,"date":"2023-11-09T14:14:02","date_gmt":"2023-11-09T07:14:02","guid":{"rendered":"https:\/\/38904.phuha.vinawebsite.vn\/hoi-nghi\/saigon-hall\/"},"modified":"2024-02-15T16:41:31","modified_gmt":"2024-02-15T09:41:31","slug":"saigon-hall","status":"publish","type":"page","link":"https:\/\/royalhotelsaigon.com\/vi\/hoi-nghi-va-phong-hop\/saigon-hall\/","title":{"rendered":"Saigon Hall"},"content":{"rendered":"<div id=\"bgZGH7gR05KZYzpw\">\n<div id=\"qLCYIQEP6YBEARjI\">\n<div id=\"Q9WHvXVz3O99Ir5S\">\n<div id=\"bgZGH7gR05KZYzpw\">\n<div id=\"qLCYIQEP6YBEARjI\">\n<div id=\"Q9WHvXVz3O99Ir5S\">\n<p>T\u1ecda l\u1ea1c \u1edf t\u1ea7ng tr\u1ec7t khu B c\u1ee7a kh\u00e1ch s\u1ea1n, Saigon Hall l\u00e0 \u0111\u1ecba \u0111i\u1ec3m l\u00fd t\u01b0\u1edfng cho m\u1ecdi s\u1ef1 ki\u1ec7n c\u1ea7n s\u1ef1 s\u1ee9c ch\u1ee9a l\u1edbn c\u00f3 th\u1ec3 li\u00ean k\u1ebft v\u1edbi ph\u00f2ng Tulip \u0111\u1ec3 l\u00e0m ph\u00f2ng \u0103n k\u00e8m theo khu v\u1ef1c s\u1ea3nh.<\/p>\n<ul>\n<li>Di\u1ec7n t\u00edch: 153m<sup>2<\/sup><\/li>\n<li>M\u00f4 h\u00ecnh h\u00ecnh l\u1edbp h\u1ecdc: 80 kh\u00e1ch<\/li>\n<li>M\u00f4 h\u00ecnh r\u1ea1p h\u00e1t: 150 kh\u00e1ch<\/li>\n<li>M\u00f4 h\u00ecnh ch\u1eef U: 40-60 kh\u00e1ch<\/li>\n<li>B\u00e0n tr\u00f2n: 100 Kh\u00e1ch<\/li>\n<\/ul>\n<p>\u0110\u1ec3 bi\u1ebft th\u00eam th\u00f4ng tin, h\u00e3y g\u1ecdi:\u00a0(84-28) 3822 5914<\/p>\n<\/div>\n<\/div>\n<\/div>\n<\/div>\n<\/div>\n<\/div>\n","protected":false},"excerpt":{"rendered":"<p>T\u1ecda l\u1ea1c \u1edf t\u1ea7ng tr\u1ec7t khu B c\u1ee7a kh\u00e1ch s\u1ea1n, Saigon Hall l\u00e0 \u0111\u1ecba \u0111i\u1ec3m l\u00fd t\u01b0\u1edfng cho m\u1ecdi s\u1ef1 ki\u1ec7n c\u1ea7n s\u1ef1 s\u1ee9c ch\u1ee9a l\u1edbn c\u00f3 th\u1ec3 li\u00ean k\u1ebft v\u1edbi ph\u00f2ng Tulip \u0111\u1ec3 l\u00e0m ph\u00f2ng \u0103n k\u00e8m theo khu v\u1ef1c s\u1ea3nh.<\/p>\n","protected":false},"author":1,"featured_media":3742,"parent":476,"menu_order":0,"comment_status":"closed","ping_status":"closed","template":"page-meeting-child.php","meta":{"footnotes":""},"class_list":["post-1054","page","type-page","status-publish","has-post-thumbnail","hentry"],"acf":[],"_links":{"self":[{"href":"https:\/\/royalhotelsaigon.com\/vi\/wp-json\/wp\/v2\/pages\/1054","targetHints":{"allow":["GET"]}}],"collection":[{"href":"https:\/\/royalhotelsaigon.com\/vi\/wp-json\/wp\/v2\/pages"}],"about":[{"href":"https:\/\/royalhotelsaigon.com\/vi\/wp-json\/wp\/v2\/types\/page"}],"author":[{"embeddable":true,"href":"https:\/\/royalhotelsaigon.com\/vi\/wp-json\/wp\/v2\/users\/1"}],"replies":[{"embeddable":true,"href":"https:\/\/royalhotelsaigon.com\/vi\/wp-json\/wp\/v2\/comments?post=1054"}],"version-history":[{"count":7,"href":"https:\/\/royalhotelsaigon.com\/vi\/wp-json\/wp\/v2\/pages\/1054\/revisions"}],"predecessor-version":[{"id":2684,"href":"https:\/\/royalhotelsaigon.com\/vi\/wp-json\/wp\/v2\/pages\/1054\/revisions\/2684"}],"up":[{"embeddable":true,"href":"https:\/\/royalhotelsaigon.com\/vi\/wp-json\/wp\/v2\/pages\/476"}],"wp:featuredmedia":[{"embeddable":true,"href":"https:\/\/royalhotelsaigon.com\/vi\/wp-json\/wp\/v2\/media\/3742"}],"wp:attachment":[{"href":"https:\/\/royalhotelsaigon.com\/vi\/wp-json\/wp\/v2\/media?parent=1054"}],"curies":[{"name":"wp","href":"https:\/\/api.w.org\/{rel}","templated":true}]}}