{"id":1063,"date":"2023-11-09T14:34:23","date_gmt":"2023-11-09T07:34:23","guid":{"rendered":"https:\/\/38904.phuha.vinawebsite.vn\/tiec-cuoi\/king-hall\/"},"modified":"2024-04-23T08:31:07","modified_gmt":"2024-04-23T01:31:07","slug":"king-hall","status":"publish","type":"page","link":"https:\/\/royalhotelsaigon.com\/vi\/tiec-cuoi\/king-hall\/","title":{"rendered":"King Hall"},"content":{"rendered":"<p>T\u1ecda l\u1ea1c t\u1ea1i l\u1ea7u 2, King Hall l\u00e0 s\u1ea3nh l\u1edbn nh\u1ea5t v\u1edbi s\u1ee9c ch\u1ee9a t\u1ed1i \u0111a l\u00ean \u0111\u1ebfn 500 kh\u00e1ch<\/p>\n<ul>\n<li>Di\u1ec7n t\u00edch: 560m2<\/li>\n<li>Ki\u1ec3u b\u00e0n tr\u00f2n: 500 kh\u00e1ch<\/li>\n<\/ul>\n<p>\u0110\u1ec3 bi\u1ebft th\u00eam th\u00f4ng tin chi ti\u1ebft li\u00ean h\u1ec7: (84-28) 3822 5914<\/p>\n","protected":false},"excerpt":{"rendered":"<p>T\u1ecda l\u1ea1c t\u1ea1i l\u1ea7u 2, King Hall l\u00e0 s\u1ea3nh l\u1edbn nh\u1ea5t v\u1edbi s\u1ee9c ch\u1ee9a t\u1ed1i \u0111a l\u00ean \u0111\u1ebfn 500 kh\u00e1ch<\/p>\n","protected":false},"author":1,"featured_media":2852,"parent":480,"menu_order":0,"comment_status":"closed","ping_status":"closed","template":"page-meeting-child.php","meta":{"footnotes":""},"class_list":["post-1063","page","type-page","status-publish","has-post-thumbnail","hentry"],"acf":[],"_links":{"self":[{"href":"https:\/\/royalhotelsaigon.com\/vi\/wp-json\/wp\/v2\/pages\/1063","targetHints":{"allow":["GET"]}}],"collection":[{"href":"https:\/\/royalhotelsaigon.com\/vi\/wp-json\/wp\/v2\/pages"}],"about":[{"href":"https:\/\/royalhotelsaigon.com\/vi\/wp-json\/wp\/v2\/types\/page"}],"author":[{"embeddable":true,"href":"https:\/\/royalhotelsaigon.com\/vi\/wp-json\/wp\/v2\/users\/1"}],"replies":[{"embeddable":true,"href":"https:\/\/royalhotelsaigon.com\/vi\/wp-json\/wp\/v2\/comments?post=1063"}],"version-history":[{"count":5,"href":"https:\/\/royalhotelsaigon.com\/vi\/wp-json\/wp\/v2\/pages\/1063\/revisions"}],"predecessor-version":[{"id":3093,"href":"https:\/\/royalhotelsaigon.com\/vi\/wp-json\/wp\/v2\/pages\/1063\/revisions\/3093"}],"up":[{"embeddable":true,"href":"https:\/\/royalhotelsaigon.com\/vi\/wp-json\/wp\/v2\/pages\/480"}],"wp:featuredmedia":[{"embeddable":true,"href":"https:\/\/royalhotelsaigon.com\/vi\/wp-json\/wp\/v2\/media\/2852"}],"wp:attachment":[{"href":"https:\/\/royalhotelsaigon.com\/vi\/wp-json\/wp\/v2\/media?parent=1063"}],"curies":[{"name":"wp","href":"https:\/\/api.w.org\/{rel}","templated":true}]}}