{"id":1067,"date":"2023-11-09T14:42:03","date_gmt":"2023-11-09T07:42:03","guid":{"rendered":"https:\/\/38904.phuha.vinawebsite.vn\/tiec-cuoi\/lotus-hall\/"},"modified":"2026-03-11T09:38:10","modified_gmt":"2026-03-11T02:38:10","slug":"lotus-hall","status":"publish","type":"page","link":"https:\/\/royalhotelsaigon.com\/vi\/tiec-cuoi\/lotus-hall\/","title":{"rendered":"Lotus Hall"},"content":{"rendered":"<p>T\u1ecda l\u1ea1c t\u1ea1i l\u1ea7u 9, Lotus Hall mang trong cho m\u00ecnh kh\u00f4ng gian sang tr\u1ecdng ph\u00f9 h\u1ee3p v\u1edbi c\u00e1c ti\u1ec7c c\u01b0\u1edbi c\u1ea7n s\u1ea3nh r\u1ed9ng nh\u01b0ng v\u1eabn c\u00f3 c\u1ea5u tr\u00fac hi\u1ec7n \u0111\u1ea1i, tinh t\u1ebf<\/p>\n<ul>\n<li>Di\u1ec7n t\u00edch: 405m2<\/li>\n<li>Ki\u1ec3u b\u00e0n tr\u00f2n: 250 kh\u00e1ch<\/li>\n<\/ul>\n<p>\u0110\u1ec3 bi\u1ebft th\u00eam th\u00f4ng tin chi ti\u1ebft li\u00ean h\u1ec7: (84-28) 3822 5914<\/p>\n","protected":false},"excerpt":{"rendered":"<p>T\u1ecda l\u1ea1c t\u1ea1i l\u1ea7u 9, Lotus Hall mang trong cho m\u00ecnh kh\u00f4ng gian sang tr\u1ecdng ph\u00f9 h\u1ee3p v\u1edbi c\u00e1c ti\u1ec7c c\u01b0\u1edbi c\u1ea7n s\u1ea3nh r\u1ed9ng nh\u01b0ng v\u1eabn c\u00f3 c\u1ea5u tr\u00fac hi\u1ec7n \u0111\u1ea1i, tinh t\u1ebf<\/p>\n","protected":false},"author":1,"featured_media":3050,"parent":480,"menu_order":0,"comment_status":"closed","ping_status":"closed","template":"page-meeting-child.php","meta":{"footnotes":""},"class_list":["post-1067","page","type-page","status-publish","has-post-thumbnail","hentry"],"acf":[],"_links":{"self":[{"href":"https:\/\/royalhotelsaigon.com\/vi\/wp-json\/wp\/v2\/pages\/1067","targetHints":{"allow":["GET"]}}],"collection":[{"href":"https:\/\/royalhotelsaigon.com\/vi\/wp-json\/wp\/v2\/pages"}],"about":[{"href":"https:\/\/royalhotelsaigon.com\/vi\/wp-json\/wp\/v2\/types\/page"}],"author":[{"embeddable":true,"href":"https:\/\/royalhotelsaigon.com\/vi\/wp-json\/wp\/v2\/users\/1"}],"replies":[{"embeddable":true,"href":"https:\/\/royalhotelsaigon.com\/vi\/wp-json\/wp\/v2\/comments?post=1067"}],"version-history":[{"count":5,"href":"https:\/\/royalhotelsaigon.com\/vi\/wp-json\/wp\/v2\/pages\/1067\/revisions"}],"predecessor-version":[{"id":3092,"href":"https:\/\/royalhotelsaigon.com\/vi\/wp-json\/wp\/v2\/pages\/1067\/revisions\/3092"}],"up":[{"embeddable":true,"href":"https:\/\/royalhotelsaigon.com\/vi\/wp-json\/wp\/v2\/pages\/480"}],"wp:featuredmedia":[{"embeddable":true,"href":"https:\/\/royalhotelsaigon.com\/vi\/wp-json\/wp\/v2\/media\/3050"}],"wp:attachment":[{"href":"https:\/\/royalhotelsaigon.com\/vi\/wp-json\/wp\/v2\/media?parent=1067"}],"curies":[{"name":"wp","href":"https:\/\/api.w.org\/{rel}","templated":true}]}}