{"id":1071,"date":"2023-11-09T14:39:02","date_gmt":"2023-11-09T07:39:02","guid":{"rendered":"https:\/\/38904.phuha.vinawebsite.vn\/tiec-cuoi\/queen-hall\/"},"modified":"2024-09-19T11:55:41","modified_gmt":"2024-09-19T04:55:41","slug":"queen-hall","status":"publish","type":"page","link":"https:\/\/royalhotelsaigon.com\/vi\/tiec-cuoi\/queen-hall\/","title":{"rendered":"Queen Hall"},"content":{"rendered":"<p>T\u1ecda l\u1ea1c t\u1ea1i l\u1ea7u 1, Queen Hall s\u1edf h\u1eefu c\u00f4ng n\u0103ng linh ho\u1ea1t\u00a0 ph\u00f9 v\u1edbi m\u1ecdi lo\u1ea1i h\u00ecnh ti\u1ec7c c\u01b0\u1edbi c\u1ea7n kh\u00f4ng gian r\u1ed9ng r\u00e3i \u0111\u1ec3 trang tr\u00ed, k\u00e8m theo \u0111\u00f3 l\u00e0 s\u1ee9c ch\u1ee9a l\u00ean \u0111\u1ebfn 400 kh\u00e1ch<\/p>\n<ul>\n<li>Di\u1ec7n t\u00edch: 476m2<\/li>\n<li>Ki\u1ec1u b\u00e0n tr\u00f2n: 350 kh\u00e1ch<\/li>\n<\/ul>\n<p>\u0110\u1ec3 bi\u1ebft th\u00eam th\u00f4ng tin chi ti\u1ebft li\u00ean h\u1ec7: (84-28) 3822 5914<\/p>\n","protected":false},"excerpt":{"rendered":"<p>T\u1ecda l\u1ea1c t\u1ea1i l\u1ea7u 1, Queen Hall s\u1edf h\u1eefu c\u00f4ng n\u0103ng linh ho\u1ea1t\u00a0 ph\u00f9 v\u1edbi m\u1ecdi lo\u1ea1i h\u00ecnh ti\u1ec7c c\u01b0\u1edbi c\u1ea7n kh\u00f4ng gian r\u1ed9ng r\u00e3i \u0111\u1ec3 trang tr\u00ed, k\u00e8m theo \u0111\u00f3 l\u00e0 s\u1ee9c ch\u1ee9a l\u00ean \u0111\u1ebfn 400 kh\u00e1ch<\/p>\n","protected":false},"author":1,"featured_media":3348,"parent":480,"menu_order":0,"comment_status":"closed","ping_status":"closed","template":"page-meeting-child.php","meta":{"footnotes":""},"class_list":["post-1071","page","type-page","status-publish","has-post-thumbnail","hentry"],"acf":[],"_links":{"self":[{"href":"https:\/\/royalhotelsaigon.com\/vi\/wp-json\/wp\/v2\/pages\/1071","targetHints":{"allow":["GET"]}}],"collection":[{"href":"https:\/\/royalhotelsaigon.com\/vi\/wp-json\/wp\/v2\/pages"}],"about":[{"href":"https:\/\/royalhotelsaigon.com\/vi\/wp-json\/wp\/v2\/types\/page"}],"author":[{"embeddable":true,"href":"https:\/\/royalhotelsaigon.com\/vi\/wp-json\/wp\/v2\/users\/1"}],"replies":[{"embeddable":true,"href":"https:\/\/royalhotelsaigon.com\/vi\/wp-json\/wp\/v2\/comments?post=1071"}],"version-history":[{"count":7,"href":"https:\/\/royalhotelsaigon.com\/vi\/wp-json\/wp\/v2\/pages\/1071\/revisions"}],"predecessor-version":[{"id":3365,"href":"https:\/\/royalhotelsaigon.com\/vi\/wp-json\/wp\/v2\/pages\/1071\/revisions\/3365"}],"up":[{"embeddable":true,"href":"https:\/\/royalhotelsaigon.com\/vi\/wp-json\/wp\/v2\/pages\/480"}],"wp:featuredmedia":[{"embeddable":true,"href":"https:\/\/royalhotelsaigon.com\/vi\/wp-json\/wp\/v2\/media\/3348"}],"wp:attachment":[{"href":"https:\/\/royalhotelsaigon.com\/vi\/wp-json\/wp\/v2\/media?parent=1071"}],"curies":[{"name":"wp","href":"https:\/\/api.w.org\/{rel}","templated":true}]}}