{"id":1075,"date":"2023-11-09T14:44:54","date_gmt":"2023-11-09T07:44:54","guid":{"rendered":"https:\/\/38904.phuha.vinawebsite.vn\/tiec-cuoi\/saigon-hall\/"},"modified":"2023-12-22T17:49:36","modified_gmt":"2023-12-22T10:49:36","slug":"saigon-hall","status":"publish","type":"page","link":"https:\/\/royalhotelsaigon.com\/vi\/tiec-cuoi\/saigon-hall\/","title":{"rendered":"Saigon Hall"},"content":{"rendered":"<p>T\u1ecda l\u1ea1c t\u1ea1i t\u1ea7ng tr\u1ec7t, Saigon Hall mang \u0111\u1ebfn kh\u00f4ng gian \u1ea5m c\u00fang, g\u1ea7n g\u1ee7i l\u00e0 m\u1ed9t s\u1ef1 l\u1ef1a ch\u1ecdn ph\u00f9 h\u1ee3p v\u1edbi ti\u1ec7c c\u01b0\u1edbi 150 kh\u00e1ch<\/p>\n<ul>\n<li>Di\u1ec7n t\u00edch: 153m2<\/li>\n<li>Ki\u1ec3u b\u00e0n tr\u00f2n: 90 kh\u00e1ch<\/li>\n<\/ul>\n<p>\u0110\u1ec3 bi\u1ebft th\u00eam chi ti\u1ebft li\u00ean h\u1ec7: (84-28) 3822 5914<\/p>\n","protected":false},"excerpt":{"rendered":"<p>T\u1ecda l\u1ea1c t\u1ea1i t\u1ea7ng tr\u1ec7t, Saigon Hall mang \u0111\u1ebfn kh\u00f4ng gian \u1ea5m c\u00fang, g\u1ea7n g\u1ee7i l\u00e0 m\u1ed9t s\u1ef1 l\u1ef1a ch\u1ecdn ph\u00f9 h\u1ee3p v\u1edbi ti\u1ec7c c\u01b0\u1edbi 150 kh\u00e1ch<\/p>\n","protected":false},"author":1,"featured_media":2391,"parent":480,"menu_order":0,"comment_status":"closed","ping_status":"closed","template":"page-meeting-child.php","meta":{"footnotes":""},"class_list":["post-1075","page","type-page","status-publish","has-post-thumbnail","hentry"],"acf":[],"_links":{"self":[{"href":"https:\/\/royalhotelsaigon.com\/vi\/wp-json\/wp\/v2\/pages\/1075","targetHints":{"allow":["GET"]}}],"collection":[{"href":"https:\/\/royalhotelsaigon.com\/vi\/wp-json\/wp\/v2\/pages"}],"about":[{"href":"https:\/\/royalhotelsaigon.com\/vi\/wp-json\/wp\/v2\/types\/page"}],"author":[{"embeddable":true,"href":"https:\/\/royalhotelsaigon.com\/vi\/wp-json\/wp\/v2\/users\/1"}],"replies":[{"embeddable":true,"href":"https:\/\/royalhotelsaigon.com\/vi\/wp-json\/wp\/v2\/comments?post=1075"}],"version-history":[{"count":5,"href":"https:\/\/royalhotelsaigon.com\/vi\/wp-json\/wp\/v2\/pages\/1075\/revisions"}],"predecessor-version":[{"id":2478,"href":"https:\/\/royalhotelsaigon.com\/vi\/wp-json\/wp\/v2\/pages\/1075\/revisions\/2478"}],"up":[{"embeddable":true,"href":"https:\/\/royalhotelsaigon.com\/vi\/wp-json\/wp\/v2\/pages\/480"}],"wp:featuredmedia":[{"embeddable":true,"href":"https:\/\/royalhotelsaigon.com\/vi\/wp-json\/wp\/v2\/media\/2391"}],"wp:attachment":[{"href":"https:\/\/royalhotelsaigon.com\/vi\/wp-json\/wp\/v2\/media?parent=1075"}],"curies":[{"name":"wp","href":"https:\/\/api.w.org\/{rel}","templated":true}]}}