{"id":1082,"date":"2023-11-10T09:03:42","date_gmt":"2023-11-10T02:03:42","guid":{"rendered":"https:\/\/38904.phuha.vinawebsite.vn\/?page_id=1082"},"modified":"2025-12-05T09:15:28","modified_gmt":"2025-12-05T02:15:28","slug":"ho-boi","status":"publish","type":"page","link":"https:\/\/royalhotelsaigon.com\/vi\/ho-boi\/","title":{"rendered":"H\u1ed3 b\u01a1i"},"content":{"rendered":"<p>T\u1ecda l\u1ea1c \u1edf t\u1ea7ng 1 kh\u00e1ch s\u1ea1n, khu v\u1ef1c h\u1ed3 b\u01a1i s\u1edf d\u1ee5ng di\u1ec7n t\u00edch 80 m\u00e9t vu\u00f4ng, \u0111\u1ed9 s\u00e2u b\u1eaft \u0111\u1ea7u t\u1eeb 1m2 \u0111\u1ebfn 1m4 s\u1ebd l\u00e0 m\u1ed9t l\u1ef1a ch\u1ecdn \u0111\u00e1ng tr\u1ea3i nghi\u1ec7m \u0111\u1ec3 ch\u00e0o \u0111\u00f3n ng\u00e0y m\u1edbi \u1edf trung t\u00e2m th\u00e0nh ph\u1ed1.<\/p>\n","protected":false},"excerpt":{"rendered":"<p>T\u1ecda l\u1ea1c \u1edf t\u1ea7ng 1 kh\u00e1ch s\u1ea1n, khu v\u1ef1c h\u1ed3 b\u01a1i s\u1edf d\u1ee5ng di\u1ec7n t\u00edch 80 m\u00e9t vu\u00f4ng, \u0111\u1ed9 s\u00e2u b\u1eaft \u0111\u1ea7u t\u1eeb 1m2 \u0111\u1ebfn 1m4 s\u1ebd l\u00e0 m\u1ed9t l\u1ef1a ch\u1ecdn \u0111\u00e1ng tr\u1ea3i nghi\u1ec7m \u0111\u1ec3 ch\u00e0o \u0111\u00f3n ng\u00e0y m\u1edbi \u1edf trung t\u00e2m th\u00e0nh ph\u1ed1.<\/p>\n","protected":false},"author":1,"featured_media":4091,"parent":0,"menu_order":0,"comment_status":"closed","ping_status":"closed","template":"page-spa.php","meta":{"footnotes":""},"class_list":["post-1082","page","type-page","status-publish","has-post-thumbnail","hentry"],"acf":[],"_links":{"self":[{"href":"https:\/\/royalhotelsaigon.com\/vi\/wp-json\/wp\/v2\/pages\/1082","targetHints":{"allow":["GET"]}}],"collection":[{"href":"https:\/\/royalhotelsaigon.com\/vi\/wp-json\/wp\/v2\/pages"}],"about":[{"href":"https:\/\/royalhotelsaigon.com\/vi\/wp-json\/wp\/v2\/types\/page"}],"author":[{"embeddable":true,"href":"https:\/\/royalhotelsaigon.com\/vi\/wp-json\/wp\/v2\/users\/1"}],"replies":[{"embeddable":true,"href":"https:\/\/royalhotelsaigon.com\/vi\/wp-json\/wp\/v2\/comments?post=1082"}],"version-history":[{"count":11,"href":"https:\/\/royalhotelsaigon.com\/vi\/wp-json\/wp\/v2\/pages\/1082\/revisions"}],"predecessor-version":[{"id":4249,"href":"https:\/\/royalhotelsaigon.com\/vi\/wp-json\/wp\/v2\/pages\/1082\/revisions\/4249"}],"wp:featuredmedia":[{"embeddable":true,"href":"https:\/\/royalhotelsaigon.com\/vi\/wp-json\/wp\/v2\/media\/4091"}],"wp:attachment":[{"href":"https:\/\/royalhotelsaigon.com\/vi\/wp-json\/wp\/v2\/media?parent=1082"}],"curies":[{"name":"wp","href":"https:\/\/api.w.org\/{rel}","templated":true}]}}