{"id":3195,"date":"2023-07-12T15:35:46","date_gmt":"2023-07-12T08:35:46","guid":{"rendered":"https:\/\/royalhotelsaigon.com\/?page_id=3195"},"modified":"2025-12-26T09:48:14","modified_gmt":"2025-12-26T02:48:14","slug":"sweet-sunny","status":"publish","type":"page","link":"https:\/\/royalhotelsaigon.com\/vi\/uu-dai-dac-biet\/sweet-sunny\/","title":{"rendered":"Sweet Sunny &#8211; B\u1ed9 s\u01b0u t\u1eadp Mocktail thanh m\u00e1t"},"content":{"rendered":"<div class=\"xdj266r x14z9mp xat24cr x1lziwak x1vvkbs x126k92a\">\n<div dir=\"auto\">H\u00e3y th\u01b0\u1edfng th\u1ee9c nh\u1eefng m\u00f3n n\u01b0\u1edbc m\u1edbi l\u1ea1, t\u01b0\u01a1i m\u00e1t t\u1ea1i Royal Coffee &amp; H\u1ed3 B\u01a1i<\/div>\n<div dir=\"auto\"><\/div>\n<\/div>\n<div class=\"x14z9mp xat24cr x1lziwak x1vvkbs xtlvy1s x126k92a\">\n<div dir=\"auto\">Danh s\u00e1ch th\u1ee9c u\u1ed1ng:<\/div>\n<div dir=\"auto\">1. D\u1ee9a T\u1eafc X\u00ed Mu\u1ed9i \u2013 89.000++ VND\/ly<\/div>\n<div dir=\"auto\">2. \u0110\u00e1 Me \u0110\u1eadu Ph\u1ed9ng \u2013 89.000++ VND\/ly<\/div>\n<div dir=\"auto\">3. Tr\u00e0 Cocktail Tr\u00e1i C\u00e2y \u2013 89.000++ VND\/ly<\/div>\n<div dir=\"auto\">4. Ruby Tea \u2013 99.000++ VND\/ly<\/div>\n<div dir=\"auto\">5. Ocean Blue \u2013 99.000++ VND\/ly<\/div>\n<div dir=\"auto\"><\/div>\n<\/div>\n<div class=\"x14z9mp xat24cr x1lziwak x1vvkbs xtlvy1s x126k92a\">\n<div dir=\"auto\">Th\u1eddi gian ph\u1ee5c v\u1ee5: 06:00 \u2013 22:00<\/div>\n<div dir=\"auto\">\u0110\u1ecba \u0111i\u1ec3m: Royal Coffee &amp; H\u1ed3 B\u01a1i<\/div>\n<\/div>\n","protected":false},"excerpt":{"rendered":"<p>H\u00e3y th\u01b0\u1edfng th\u1ee9c nh\u1eefng m\u00f3n n\u01b0\u1edbc m\u1edbi l\u1ea1, t\u01b0\u01a1i m\u00e1t t\u1ea1i Royal Coffee &#038; H\u1ed3 B\u01a1i<\/p>\n","protected":false},"author":2,"featured_media":4082,"parent":4109,"menu_order":0,"comment_status":"closed","ping_status":"closed","template":"page-offer.php","meta":{"footnotes":""},"class_list":["post-3195","page","type-page","status-publish","has-post-thumbnail","hentry"],"acf":[],"_links":{"self":[{"href":"https:\/\/royalhotelsaigon.com\/vi\/wp-json\/wp\/v2\/pages\/3195","targetHints":{"allow":["GET"]}}],"collection":[{"href":"https:\/\/royalhotelsaigon.com\/vi\/wp-json\/wp\/v2\/pages"}],"about":[{"href":"https:\/\/royalhotelsaigon.com\/vi\/wp-json\/wp\/v2\/types\/page"}],"author":[{"embeddable":true,"href":"https:\/\/royalhotelsaigon.com\/vi\/wp-json\/wp\/v2\/users\/2"}],"replies":[{"embeddable":true,"href":"https:\/\/royalhotelsaigon.com\/vi\/wp-json\/wp\/v2\/comments?post=3195"}],"version-history":[{"count":13,"href":"https:\/\/royalhotelsaigon.com\/vi\/wp-json\/wp\/v2\/pages\/3195\/revisions"}],"predecessor-version":[{"id":4306,"href":"https:\/\/royalhotelsaigon.com\/vi\/wp-json\/wp\/v2\/pages\/3195\/revisions\/4306"}],"up":[{"embeddable":true,"href":"https:\/\/royalhotelsaigon.com\/vi\/wp-json\/wp\/v2\/pages\/4109"}],"wp:featuredmedia":[{"embeddable":true,"href":"https:\/\/royalhotelsaigon.com\/vi\/wp-json\/wp\/v2\/media\/4082"}],"wp:attachment":[{"href":"https:\/\/royalhotelsaigon.com\/vi\/wp-json\/wp\/v2\/media?parent=3195"}],"curies":[{"name":"wp","href":"https:\/\/api.w.org\/{rel}","templated":true}]}}