{"id":4145,"date":"2025-12-04T09:09:25","date_gmt":"2025-12-04T02:09:25","guid":{"rendered":"https:\/\/royalhotelsaigon.com\/?page_id=4145"},"modified":"2026-03-31T10:32:35","modified_gmt":"2026-03-31T03:32:35","slug":"32-nam-hanh-trinh-tan-tam-ngap-tran-uu-dai-dac","status":"publish","type":"page","link":"https:\/\/royalhotelsaigon.com\/vi\/uu-dai-dac-biet\/32-nam-hanh-trinh-tan-tam-ngap-tran-uu-dai-dac\/","title":{"rendered":"32 N\u0103m H\u00e0nh Tr\u00ecnh T\u1eadn T\u00e2m \u2013 Ng\u1eadp Tr\u00e0n \u01afu \u0110\u00e3i \u0110\u1eb7c Bi\u1ec7t"},"content":{"rendered":"<p>K\u1ef7 ni\u1ec7m 32 n\u0103m ng\u00e0y th\u00e0nh l\u1eadp (01\/04\/1994 &#8211; 01\/04\/2026), <strong>Kim Do &#8211; Royal Hotel Saigon<\/strong> xin g\u1eedi l\u1eddi tri \u00e2n s\u00e2u s\u1eafc \u0111\u1ebfn Qu\u00fd kh\u00e1ch h\u00e0ng \u0111\u00e3 lu\u00f4n \u0111\u1ed3ng h\u00e0nh c\u00f9ng ch\u00fang t\u00f4i. Thay l\u1eddi c\u1ea3m \u01a1n, kh\u00e1ch s\u1ea1n mang \u0111\u1ebfn chu\u1ed7i \u01b0u \u0111\u00e3i &#8220;Exclusive Anniversary Offers&#8221; c\u1ef1c k\u1ef3 h\u1ea5p d\u1eabn:<\/p>\n<p><strong>G\u00d3I L\u01afU TR\u00da NGH\u1ec8 D\u01af\u1ee0NG (Ch\u1ec9 t\u1eeb 2.000.000 VN\u0110 ++)<\/strong><\/p>\n<ul>\n<li><strong>N\u00e2ng h\u1ea1ng ph\u00f2ng mi\u1ec5n ph\u00ed<\/strong> (l\u00ean Super Deluxe ho\u1eb7c Royal Deluxe).<\/li>\n<li><strong>\u0110\u1eb7c quy\u1ec1n nh\u1eadn ph\u00f2ng s\u1edbm ho\u1eb7c tr\u1ea3 ph\u00f2ng mu\u1ed9n<\/strong> (l\u00ean \u0111\u1ebfn 2 gi\u1edd, t\u00f9y t\u00ecnh tr\u1ea1ng ph\u00f2ng).<\/li>\n<li>T\u1eadn h\u01b0\u1edfng kh\u00f4ng gian sang tr\u1ecdng ngay trung t\u00e2m th\u00e0nh ph\u1ed1.<\/li>\n<\/ul>\n<p><strong>G\u00d3I TI\u1ec6C C\u01af\u1edaI TR\u1eccN G\u00d3I (Ch\u1ec9 t\u1eeb 580.000 VN\u0110 ++\/kh\u00e1ch)<\/strong><\/p>\n<ul>\n<li><strong>Gi\u1ea3m gi\u00e1 \u0111\u1ebfn 10%<\/strong> th\u1ef1c \u0111\u01a1n ti\u1ec7c c\u01b0\u1edbi.<\/li>\n<li><strong>Mi\u1ec5n ph\u00ed th\u1ee9c u\u1ed1ng<\/strong> (bia, n\u01b0\u1edbc ng\u1ecdt, n\u01b0\u1edbc su\u1ed1i) ph\u1ee5c v\u1ee5 su\u1ed1t 2.5 gi\u1edd.<\/li>\n<li>Th\u1ef1c \u0111\u01a1n \u0111a d\u1ea1ng, linh ho\u1ea1t theo ng\u00e2n s\u00e1ch c\u1ee7a b\u1ea1n.<\/li>\n<li><em>\u00c1p d\u1ee5ng cho ti\u1ec7c t\u1eeb 100 kh\u00e1ch tr\u1edf l\u00ean.<\/em><\/li>\n<\/ul>\n<p><strong>Th\u1eddi h\u1ea1n \u01b0u \u0111\u00e3i:<\/strong> \u0110\u1ebfn h\u1ebft ng\u00e0y 30\/09\/2026.<\/p>\n<p>H\u00e3y \u0111\u1ec3 ch\u00fang t\u00f4i c\u00f9ng b\u1ea1n vi\u1ebft ti\u1ebfp nh\u1eefng k\u1ef7 ni\u1ec7m \u0111\u1eb9p c\u1ee7a b\u1ea1n t\u1ea1i l\u00f2ng Th\u00e0nh ph\u1ed1 H\u1ed3 Ch\u00ed Minh!<\/p>\n","protected":false},"excerpt":{"rendered":"<p>K\u1ef7 ni\u1ec7m 32 n\u0103m ng\u00e0y th\u00e0nh l\u1eadp (01\/04\/1994 &#8211; 01\/04\/2026), Kim Do &#8211; Royal Hotel Saigon xin g\u1eedi l\u1eddi tri \u00e2n s\u00e2u s\u1eafc \u0111\u1ebfn Qu\u00fd kh\u00e1ch h\u00e0ng \u0111\u00e3 lu\u00f4n \u0111\u1ed3ng h\u00e0nh c\u00f9ng ch\u00fang t\u00f4i. Thay l\u1eddi c\u1ea3m \u01a1n, kh\u00e1ch s\u1ea1n mang \u0111\u1ebfn chu\u1ed7i \u01b0u \u0111\u00e3i &#8220;Exclusive Anniversary Offers&#8221; c\u1ef1c k\u1ef3 h\u1ea5p d\u1eabn:<\/p>\n","protected":false},"author":2,"featured_media":4372,"parent":4109,"menu_order":0,"comment_status":"closed","ping_status":"closed","template":"page-offer.php","meta":{"footnotes":""},"class_list":["post-4145","page","type-page","status-publish","has-post-thumbnail","hentry"],"acf":[],"_links":{"self":[{"href":"https:\/\/royalhotelsaigon.com\/vi\/wp-json\/wp\/v2\/pages\/4145","targetHints":{"allow":["GET"]}}],"collection":[{"href":"https:\/\/royalhotelsaigon.com\/vi\/wp-json\/wp\/v2\/pages"}],"about":[{"href":"https:\/\/royalhotelsaigon.com\/vi\/wp-json\/wp\/v2\/types\/page"}],"author":[{"embeddable":true,"href":"https:\/\/royalhotelsaigon.com\/vi\/wp-json\/wp\/v2\/users\/2"}],"replies":[{"embeddable":true,"href":"https:\/\/royalhotelsaigon.com\/vi\/wp-json\/wp\/v2\/comments?post=4145"}],"version-history":[{"count":10,"href":"https:\/\/royalhotelsaigon.com\/vi\/wp-json\/wp\/v2\/pages\/4145\/revisions"}],"predecessor-version":[{"id":4378,"href":"https:\/\/royalhotelsaigon.com\/vi\/wp-json\/wp\/v2\/pages\/4145\/revisions\/4378"}],"up":[{"embeddable":true,"href":"https:\/\/royalhotelsaigon.com\/vi\/wp-json\/wp\/v2\/pages\/4109"}],"wp:featuredmedia":[{"embeddable":true,"href":"https:\/\/royalhotelsaigon.com\/vi\/wp-json\/wp\/v2\/media\/4372"}],"wp:attachment":[{"href":"https:\/\/royalhotelsaigon.com\/vi\/wp-json\/wp\/v2\/media?parent=4145"}],"curies":[{"name":"wp","href":"https:\/\/api.w.org\/{rel}","templated":true}]}}