{"id":4195,"date":"2023-07-12T16:11:21","date_gmt":"2023-07-12T09:11:21","guid":{"rendered":"https:\/\/royalhotelsaigon.com\/?page_id=4195"},"modified":"2025-12-26T09:56:42","modified_gmt":"2025-12-26T02:56:42","slug":"tiec-toi-cung-ruou-vang-thuong-hang","status":"publish","type":"page","link":"https:\/\/royalhotelsaigon.com\/vi\/uu-dai-dac-biet\/tiec-toi-cung-ruou-vang-thuong-hang\/","title":{"rendered":"Ti\u1ec7c t\u1ed1i c\u00f9ng r\u01b0\u1ee3u vang th\u01b0\u1ee3ng h\u1ea1ng"},"content":{"rendered":"<p data-start=\"113\" data-end=\"198\"><strong data-start=\"113\" data-end=\"196\">Th\u01b0\u1edfng th\u1ee9c r\u01b0\u1ee3u vang th\u01b0\u1ee3ng h\u1ea1ng trong kh\u00f4ng gian sang tr\u1ecdng t\u1ea1i Royal Coffee!<\/strong><\/p>\n<p data-start=\"200\" data-end=\"352\"><strong data-start=\"200\" data-end=\"208\">Gi\u00e1:<\/strong> Ch\u1ec9 <strong data-start=\"213\" data-end=\"235\">1.450.000 VN\u0110\/chai<\/strong><br data-start=\"235\" data-end=\"238\" \/><strong data-start=\"238\" data-end=\"258\">\u01afu \u0111\u00e3i \u0111\u1eb7c bi\u1ec7t:<\/strong> <strong data-start=\"259\" data-end=\"277\">Mua 2 \u2013 T\u1eb7ng 1<\/strong><br data-start=\"277\" data-end=\"280\" \/>(\u00c1p d\u1ee5ng cho c\u00e1c lo\u1ea1i <strong data-start=\"302\" data-end=\"319\">Passo Segreto<\/strong> &amp; <strong data-start=\"322\" data-end=\"349\">Passion De Maison Bouey<\/strong>)<\/p>\n<p data-start=\"354\" data-end=\"413\"><strong data-start=\"354\" data-end=\"367\">\u0110\u1ecba \u0111i\u1ec3m:<\/strong> Royal Coffee<br data-start=\"380\" data-end=\"383\" \/><strong data-start=\"383\" data-end=\"397\">Th\u1eddi gian:<\/strong> 18:00 \u2013 22:00<\/p>\n<p data-start=\"415\" data-end=\"530\">H\u00e3y c\u00f9ng ch\u00fang t\u00f4i t\u1eadn h\u01b0\u1edfng m\u1ed9t bu\u1ed5i t\u1ed1i kh\u00f3 qu\u00ean, n\u01a1i <strong data-start=\"471\" data-end=\"530\">r\u01b0\u1ee3u vang tinh t\u1ebf h\u00f2a c\u00f9ng nh\u1eefng kho\u1ea3nh kh\u1eafc tuy\u1ec7t v\u1eddi!<\/strong><\/p>\n","protected":false},"excerpt":{"rendered":"<p>Th\u01b0\u1edfng th\u1ee9c r\u01b0\u1ee3u vang th\u01b0\u1ee3ng h\u1ea1ng trong kh\u00f4ng gian sang tr\u1ecdng t\u1ea1i Royal Coffee!<\/p>\n","protected":false},"author":2,"featured_media":3926,"parent":4109,"menu_order":0,"comment_status":"closed","ping_status":"closed","template":"page-offer.php","meta":{"footnotes":""},"class_list":["post-4195","page","type-page","status-publish","has-post-thumbnail","hentry"],"acf":[],"_links":{"self":[{"href":"https:\/\/royalhotelsaigon.com\/vi\/wp-json\/wp\/v2\/pages\/4195","targetHints":{"allow":["GET"]}}],"collection":[{"href":"https:\/\/royalhotelsaigon.com\/vi\/wp-json\/wp\/v2\/pages"}],"about":[{"href":"https:\/\/royalhotelsaigon.com\/vi\/wp-json\/wp\/v2\/types\/page"}],"author":[{"embeddable":true,"href":"https:\/\/royalhotelsaigon.com\/vi\/wp-json\/wp\/v2\/users\/2"}],"replies":[{"embeddable":true,"href":"https:\/\/royalhotelsaigon.com\/vi\/wp-json\/wp\/v2\/comments?post=4195"}],"version-history":[{"count":3,"href":"https:\/\/royalhotelsaigon.com\/vi\/wp-json\/wp\/v2\/pages\/4195\/revisions"}],"predecessor-version":[{"id":4310,"href":"https:\/\/royalhotelsaigon.com\/vi\/wp-json\/wp\/v2\/pages\/4195\/revisions\/4310"}],"up":[{"embeddable":true,"href":"https:\/\/royalhotelsaigon.com\/vi\/wp-json\/wp\/v2\/pages\/4109"}],"wp:featuredmedia":[{"embeddable":true,"href":"https:\/\/royalhotelsaigon.com\/vi\/wp-json\/wp\/v2\/media\/3926"}],"wp:attachment":[{"href":"https:\/\/royalhotelsaigon.com\/vi\/wp-json\/wp\/v2\/media?parent=4195"}],"curies":[{"name":"wp","href":"https:\/\/api.w.org\/{rel}","templated":true}]}}