{"id":4293,"date":"2025-12-26T08:55:10","date_gmt":"2025-12-26T01:55:10","guid":{"rendered":"https:\/\/royalhotelsaigon.com\/?page_id=4293"},"modified":"2025-12-26T08:55:10","modified_gmt":"2025-12-26T01:55:10","slug":"combo-an-sang-dinh-duong","status":"publish","type":"page","link":"https:\/\/royalhotelsaigon.com\/vi\/uu-dai-dac-biet\/combo-an-sang-dinh-duong\/","title":{"rendered":"Combo \u0103n s\u00e1ng dinh d\u01b0\u1ee1ng"},"content":{"rendered":"<div class=\"x14z9mp xat24cr x1lziwak x1vvkbs xtlvy1s x126k92a\">\n<div dir=\"auto\">Royal Coffee h\u00e2n h\u1ea1nh gi\u1edbi thi\u1ec7u combo \u0111i\u1ec3m t\u00e2m m\u1edbi v\u1edbi s\u1ef1 k\u1ebft h\u1ee3p ho\u00e0n h\u1ea3o gi\u1eefa h\u01b0\u01a1ng v\u1ecb truy\u1ec1n th\u1ed1ng v\u00e0 phong c\u00e1ch ph\u1ee5c v\u1ee5 \u0111\u1eb3ng c\u1ea5p. Ch\u1ec9 v\u1edbi 250.000 VN\u0110++, Qu\u00fd kh\u00e1ch s\u1ebd \u0111\u01b0\u1ee3c th\u01b0\u1edfng th\u1ee9c tr\u1ecdn v\u1eb9n b\u1ed9 3 m\u00f3n ngon:<\/div>\n<div dir=\"auto\"><\/div>\n<\/div>\n<div class=\"x14z9mp xat24cr x1lziwak x1vvkbs xtlvy1s x126k92a\">\n<div dir=\"auto\">M\u00f3n ch\u00ednh (ch\u1ecdn 1 trong 3):<\/div>\n<div dir=\"auto\">\u2022 H\u1ee7 ti\u1ebfu c\u00e1<\/div>\n<div dir=\"auto\">\u2022 M\u00ec g\u00e0 ta x\u00e9<\/div>\n<div dir=\"auto\">\u2022 H\u1ee7 ti\u1ebfu m\u00ec g\u00e0, c\u00e1<\/div>\n<div dir=\"auto\"><\/div>\n<div dir=\"auto\">M\u00f3n \u0103n k\u00e8m: 01 b\u00e1nh Pateso n\u00f3ng h\u1ed5i, th\u01a1m l\u1eebng.<\/div>\n<div dir=\"auto\"><\/div>\n<div dir=\"auto\">Tr\u00e1ng mi\u1ec7ng: S\u1eefa chua chanh d\u00e2y chua ng\u1ecdt, thanh m\u00e1t.<\/div>\n<div dir=\"auto\"><\/div>\n<\/div>\n<div class=\"x14z9mp xat24cr x1lziwak x1vvkbs xtlvy1s x126k92a\">\n<div dir=\"auto\">Th\u1eddi gian v\u00e0 \u0111\u1ecba \u0111i\u1ec3m: T\u1eeb 06h00 &#8211; 22h00 | Nh\u00e0 h\u00e0ng Royal Coffee<\/div>\n<div dir=\"auto\"><\/div>\n<\/div>\n<div class=\"x14z9mp xat24cr x1lziwak x1vvkbs xtlvy1s x126k92a\">\n<div dir=\"auto\">K\u00ednh m\u1eddi Qu\u00fd kh\u00e1ch \u0111\u1ebfn v\u00e0 tr\u1ea3i nghi\u1ec7m \u1ea9m th\u1ef1c S\u00e0i G\u00f2n tinh t\u1ebf gi\u1eefa l\u00f2ng th\u00e0nh<\/div>\n<div dir=\"auto\">ph\u1ed1!<\/div>\n<\/div>\n","protected":false},"excerpt":{"rendered":"<p>Royal Coffee h\u00e2n h\u1ea1nh gi\u1edbi thi\u1ec7u combo \u0111i\u1ec3m t\u00e2m m\u1edbi v\u1edbi s\u1ef1 k\u1ebft h\u1ee3p ho\u00e0n h\u1ea3o gi\u1eefa h\u01b0\u01a1ng v\u1ecb truy\u1ec1n th\u1ed1ng v\u00e0 phong c\u00e1ch ph\u1ee5c v\u1ee5 \u0111\u1eb3ng c\u1ea5p. Ch\u1ec9 v\u1edbi 250.000 VN\u0110++, Qu\u00fd kh\u00e1ch s\u1ebd \u0111\u01b0\u1ee3c th\u01b0\u1edfng th\u1ee9c tr\u1ecdn v\u1eb9n b\u1ed9 3 m\u00f3n ngon:<\/p>\n","protected":false},"author":2,"featured_media":4295,"parent":4109,"menu_order":0,"comment_status":"closed","ping_status":"closed","template":"page-offer.php","meta":{"footnotes":""},"class_list":["post-4293","page","type-page","status-publish","has-post-thumbnail","hentry"],"acf":[],"_links":{"self":[{"href":"https:\/\/royalhotelsaigon.com\/vi\/wp-json\/wp\/v2\/pages\/4293","targetHints":{"allow":["GET"]}}],"collection":[{"href":"https:\/\/royalhotelsaigon.com\/vi\/wp-json\/wp\/v2\/pages"}],"about":[{"href":"https:\/\/royalhotelsaigon.com\/vi\/wp-json\/wp\/v2\/types\/page"}],"author":[{"embeddable":true,"href":"https:\/\/royalhotelsaigon.com\/vi\/wp-json\/wp\/v2\/users\/2"}],"replies":[{"embeddable":true,"href":"https:\/\/royalhotelsaigon.com\/vi\/wp-json\/wp\/v2\/comments?post=4293"}],"version-history":[{"count":2,"href":"https:\/\/royalhotelsaigon.com\/vi\/wp-json\/wp\/v2\/pages\/4293\/revisions"}],"predecessor-version":[{"id":4297,"href":"https:\/\/royalhotelsaigon.com\/vi\/wp-json\/wp\/v2\/pages\/4293\/revisions\/4297"}],"up":[{"embeddable":true,"href":"https:\/\/royalhotelsaigon.com\/vi\/wp-json\/wp\/v2\/pages\/4109"}],"wp:featuredmedia":[{"embeddable":true,"href":"https:\/\/royalhotelsaigon.com\/vi\/wp-json\/wp\/v2\/media\/4295"}],"wp:attachment":[{"href":"https:\/\/royalhotelsaigon.com\/vi\/wp-json\/wp\/v2\/media?parent=4293"}],"curies":[{"name":"wp","href":"https:\/\/api.w.org\/{rel}","templated":true}]}}