{"id":4298,"date":"2025-12-26T09:02:30","date_gmt":"2025-12-26T02:02:30","guid":{"rendered":"https:\/\/royalhotelsaigon.com\/?page_id=4298"},"modified":"2025-12-26T09:02:30","modified_gmt":"2025-12-26T02:02:30","slug":"summer-cocktail-bo-suu-tap-cocktail-mua-he-sang-khoai","status":"publish","type":"page","link":"https:\/\/royalhotelsaigon.com\/vi\/summer-cocktail-bo-suu-tap-cocktail-mua-he-sang-khoai\/","title":{"rendered":"Summer Cocktail &#8211; B\u1ed9 s\u01b0u t\u1eadp cocktail m\u00f9a h\u00e8 s\u1ea3ng kho\u00e1i"},"content":{"rendered":"<div class=\"xdj266r x14z9mp xat24cr x1lziwak x1vvkbs x126k92a\">\n<div dir=\"auto\">Th\u01b0\u1edfng th\u1ee9c Cocktail t\u1ea1i Royal Coffee &amp; H\u1ed3 B\u01a1i<\/div>\n<div dir=\"auto\"><\/div>\n<\/div>\n<div class=\"x14z9mp xat24cr x1lziwak x1vvkbs xtlvy1s x126k92a\">\n<div dir=\"auto\">Danh s\u00e1ch Cocktail:<\/div>\n<div dir=\"auto\">1. Kim \u0110\u00f4 Cocktail \u2013 159.000++ (ly)<\/div>\n<div dir=\"auto\">2. Long Island Cocktail \u2013 159.000++ (ly)<\/div>\n<div dir=\"auto\">3. Margarita Cocktail \u2013 149.000++ (ly)<\/div>\n<div dir=\"auto\">4. Margarita T\u00e1o Cocktail \u2013 159.000++ (ly)<\/div>\n<div dir=\"auto\">5. Mojito Cocktail \u2013 149.000++ (ly)<\/div>\n<div dir=\"auto\">6. Pina Colada Cocktail \u2013 159.000++ (ly)<\/div>\n<div dir=\"auto\">7. Blue Hawaiian Cocktail \u2013 159.000++ (ly)<\/div>\n<div dir=\"auto\">8. Tequila Watermelon Cocktail \u2013 159.000++ (ly)<\/div>\n<div dir=\"auto\">9. Hibibuzz Cocktail (Beer) \u2013 159.000++ (ly)<\/div>\n<div dir=\"auto\"><\/div>\n<div dir=\"auto\">Th\u1eddi gian ph\u1ee5c v\u1ee5: 06h00 \u2013 22h00<\/div>\n<div dir=\"auto\"><\/div>\n<div dir=\"auto\">\u0110\u1ecba \u0111i\u1ec3m \u00e1p d\u1ee5ng: Nh\u00e0 h\u00e0ng Royal Coffee &amp; H\u1ed3 B\u01a1i<\/div>\n<div dir=\"auto\"><\/div>\n<\/div>\n<div class=\"x14z9mp xat24cr x1lziwak x1vvkbs xtlvy1s x126k92a\">\n<div dir=\"auto\">\u01afu \u0111\u00e3i \u0111\u1eb7c bi\u1ec7t<\/div>\n<div dir=\"auto\">\u2022 Mua 1 t\u1eb7ng 1 Cocktail t\u1eeb 16h00 \u2013 19h00 t\u1ea1i Royal Coffee &amp; H\u1ed3 B\u01a1i.<\/div>\n<div dir=\"auto\">\u2022 Ch\u01b0\u01a1ng tr\u00ecnh \u201cM\u1eebng Sinh Nh\u1eadt T\u1ed5ng C\u00f4ng Ty\u201d: \u00e1p d\u1ee5ng \u0111\u1ebfn h\u1ebft ng\u00e0y 31\/08\/2025.<\/div>\n<div dir=\"auto\">\u2022 Ch\u00ednh s\u00e1ch \u01b0u \u0111\u00e3i kh\u00f4ng \u00e1p d\u1ee5ng v\u00e0o c\u00e1c ng\u00e0y L\u1ec5, T\u1ebft.<\/div>\n<div dir=\"auto\"><\/div>\n<\/div>\n<div class=\"x14z9mp xat24cr x1lziwak x1vvkbs xtlvy1s x126k92a\">\n<div dir=\"auto\">H\u00e3y c\u00f9ng b\u1ea1n b\u00e8 v\u00e0 ng\u01b0\u1eddi th\u00e2n \u0111\u1ebfn Royal Coffee &amp; H\u1ed3 B\u01a1i \u0111\u1ec3 t\u1eadn h\u01b0\u1edfng nh\u1eefng ph\u00fat gi\u00e2y th\u01b0 gi\u00e3n c\u00f9ng h\u01b0\u01a1ng v\u1ecb cocktail \u0111\u1ed9c \u0111\u00e1o trong m\u00f9a h\u00e8 n\u00e0y.<\/div>\n<\/div>\n","protected":false},"excerpt":{"rendered":"<p>Th\u01b0\u1edfng th\u1ee9c Cocktail t\u1ea1i Royal Coffee &#038; H\u1ed3 B\u01a1i<\/p>\n","protected":false},"author":2,"featured_media":4120,"parent":0,"menu_order":0,"comment_status":"closed","ping_status":"closed","template":"","meta":{"footnotes":""},"class_list":["post-4298","page","type-page","status-publish","has-post-thumbnail","hentry"],"acf":[],"_links":{"self":[{"href":"https:\/\/royalhotelsaigon.com\/vi\/wp-json\/wp\/v2\/pages\/4298","targetHints":{"allow":["GET"]}}],"collection":[{"href":"https:\/\/royalhotelsaigon.com\/vi\/wp-json\/wp\/v2\/pages"}],"about":[{"href":"https:\/\/royalhotelsaigon.com\/vi\/wp-json\/wp\/v2\/types\/page"}],"author":[{"embeddable":true,"href":"https:\/\/royalhotelsaigon.com\/vi\/wp-json\/wp\/v2\/users\/2"}],"replies":[{"embeddable":true,"href":"https:\/\/royalhotelsaigon.com\/vi\/wp-json\/wp\/v2\/comments?post=4298"}],"version-history":[{"count":2,"href":"https:\/\/royalhotelsaigon.com\/vi\/wp-json\/wp\/v2\/pages\/4298\/revisions"}],"predecessor-version":[{"id":4300,"href":"https:\/\/royalhotelsaigon.com\/vi\/wp-json\/wp\/v2\/pages\/4298\/revisions\/4300"}],"wp:featuredmedia":[{"embeddable":true,"href":"https:\/\/royalhotelsaigon.com\/vi\/wp-json\/wp\/v2\/media\/4120"}],"wp:attachment":[{"href":"https:\/\/royalhotelsaigon.com\/vi\/wp-json\/wp\/v2\/media?parent=4298"}],"curies":[{"name":"wp","href":"https:\/\/api.w.org\/{rel}","templated":true}]}}