{"id":472,"date":"2023-07-12T11:01:16","date_gmt":"2023-07-12T04:01:16","guid":{"rendered":"http:\/\/38904.phuha.vinawebsite.vn\/nghe-nghiep\/"},"modified":"2025-03-05T15:09:29","modified_gmt":"2025-03-05T08:09:29","slug":"khach-san-kim-do-royal-hotel-saigon-tuyen-dung","status":"publish","type":"page","link":"https:\/\/royalhotelsaigon.com\/vi\/khach-san-kim-do-royal-hotel-saigon-tuyen-dung\/","title":{"rendered":"Tuy\u1ec3n d\u1ee5ng"},"content":{"rendered":"","protected":false},"excerpt":{"rendered":"<p>Ch\u00fang t\u00f4i gi\u00e0nh \u0111\u01b0\u1ee3c d\u00e0nh \u0111\u01b0\u1ee3c s\u1ef1 g\u1eafn b\u00f3 l\u00e2u d\u00e0i c\u1ee7a nh\u00e2n vi\u00ean b\u1eb1ng c\u00e1ch l\u1eafng nghe nhu c\u1ea7u c\u1ee7a h\u1ecd v\u00e0 t\u00f4n tr\u1ecdng s\u1ef1 c\u00e2n b\u1eb1ng gi\u1eefa c\u00f4ng vi\u1ec7c v\u00e0 cu\u1ed9c s\u1ed1ng c\u1ee7a h\u1ecd. V\u1edbi s\u1ef1 \u0111a d\u1ea1ng trong vi\u1ec7c l\u00e0m, ch\u00fang t\u00f4i mang \u0111\u1ebfn cho b\u1ea1n nhi\u1ec1u c\u01a1 h\u1ed9i vi\u1ec7c l\u00e0m bao g\u1ed3m c\u00f4ng vi\u1ec7c to\u00e0n th\u1eddi gian, b\u00e1n th\u1eddi gian, quanh n\u0103m v\u00e0 th\u1eddi v\u1ee5. \u0110\u01a1n xin vi\u1ec7c\/th\u1ef1c t\u1eadp lu\u00f4n \u0111\u01b0\u1ee3c ch\u00e0o \u0111\u00f3n t\u1ea1i: tochuc@royalhotelsaigon.com\u00a0ho\u1eb7c\u00a0g\u1eedi tr\u1ef1c ti\u1ebfp \u0111\u1ebfn b\u1ed9 ph\u1eadn an ninh c\u1ed5ng sau c\u1ee7a kh\u00e1ch s\u1ea1n.<\/p>\n","protected":false},"author":1,"featured_media":3443,"parent":0,"menu_order":0,"comment_status":"closed","ping_status":"closed","template":"page-careers.php","meta":{"footnotes":""},"class_list":["post-472","page","type-page","status-publish","has-post-thumbnail","hentry"],"acf":[],"_links":{"self":[{"href":"https:\/\/royalhotelsaigon.com\/vi\/wp-json\/wp\/v2\/pages\/472","targetHints":{"allow":["GET"]}}],"collection":[{"href":"https:\/\/royalhotelsaigon.com\/vi\/wp-json\/wp\/v2\/pages"}],"about":[{"href":"https:\/\/royalhotelsaigon.com\/vi\/wp-json\/wp\/v2\/types\/page"}],"author":[{"embeddable":true,"href":"https:\/\/royalhotelsaigon.com\/vi\/wp-json\/wp\/v2\/users\/1"}],"replies":[{"embeddable":true,"href":"https:\/\/royalhotelsaigon.com\/vi\/wp-json\/wp\/v2\/comments?post=472"}],"version-history":[{"count":7,"href":"https:\/\/royalhotelsaigon.com\/vi\/wp-json\/wp\/v2\/pages\/472\/revisions"}],"predecessor-version":[{"id":3517,"href":"https:\/\/royalhotelsaigon.com\/vi\/wp-json\/wp\/v2\/pages\/472\/revisions\/3517"}],"wp:featuredmedia":[{"embeddable":true,"href":"https:\/\/royalhotelsaigon.com\/vi\/wp-json\/wp\/v2\/media\/3443"}],"wp:attachment":[{"href":"https:\/\/royalhotelsaigon.com\/vi\/wp-json\/wp\/v2\/media?parent=472"}],"curies":[{"name":"wp","href":"https:\/\/api.w.org\/{rel}","templated":true}]}}