{"id":478,"date":"2022-02-21T09:37:38","date_gmt":"2022-02-21T02:37:38","guid":{"rendered":"http:\/\/38904.phuha.vinawebsite.vn\/home\/"},"modified":"2026-04-10T14:09:32","modified_gmt":"2026-04-10T07:09:32","slug":"kim-do-royal-hotel-saigon","status":"publish","type":"page","link":"https:\/\/royalhotelsaigon.com\/vi\/","title":{"rendered":"Trang ch\u1ee7"},"content":{"rendered":"","protected":false},"excerpt":{"rendered":"<p>Kh\u00e1ch s\u1ea1n Kim \u0110\u00f4 \u2013 Royal Hotel Saigon l\u00e0 kh\u00e1ch s\u1ea1n 4 b\u1ed1n sao tr\u1ef1c thu\u1ed9c T\u1ed5ng c\u00f4ng ty Du l\u1ecbch S\u00e0i G\u00f2n (Saigontourist Group). Kh\u00e1ch s\u1ea1n c\u00f3 127 ph\u00f2ng ng\u1ee7 v\u1edbi 7 h\u1ea1ng ph\u00f2ng kh\u00e1c nhau tr\u1ea3i d\u00e0i t\u1eeb h\u1ea1ng cao c\u1ea5p \u0111\u1ebfn t\u1ea7m trung. M\u1ed7i ph\u00f2ng \u0111\u1ec1u \u0111\u01b0\u1ee3c ti\u00eau chu\u1ea9n h\u00f3a theo quy \u0111\u1ecbnh c\u1ee7a kh\u00e1ch s\u1ea1n, trang b\u1ecb \u0111\u1ea7y \u0111\u1ee7 amenities v\u00e0 c\u00e1c thi\u1ebft b\u1ecb \u0111i\u1ec7n t\u1eed hi\u1ec7n \u0111\u1ea1i. B\u00ean c\u1ea1ch \u0111\u00f3 Kim \u0110\u00f4 \u2013 Royal Hotel Saigon s\u1edf h\u1eefu 4 s\u1ea3nh v\u00e0 2 ph\u00f2ng h\u1ecdp, \u0111\u01b0\u1ee3c trang b\u1ecb c\u00e1c thi\u1ebft b\u1ecb t\u00e2n ti\u1ebfn v\u00e0 hi\u1ec7n \u0111\u1ea1i. Kim \u0110\u00f4 \u2013 Royal Hotel Saigon l\u00e0 s\u1ef1 l\u1ef1a ch\u1ecdn ho\u00e0n h\u1ea3o cho m\u1ecdi nhu c\u1ea7u h\u1ed9i ngh\u1ecb v\u00e0 ph\u00f2ng h\u1ecdp l\u1edbn nh\u1ecf t\u1ea1i trung t\u00e2m Th\u00e0nh ph\u1ed1 H\u1ed3 Ch\u00ed Minh. Do v\u1ecb tr\u00ed trung t\u00e2m th\u00e0nh ph\u1ed1, n\u00ean kho\u1ea3ng c\u00e1ch gi\u1eefa kh\u00e1ch s\u1ea1n\u00a0 v\u1edbi c\u00e1c \u0111\u1ecba danh, trung t\u00e2m th\u01b0\u01a1ng m\u1ea1i, c\u01a1 quan ch\u00ednh ph\u1ee7 ch\u1ec9 m\u1ea5t v\u00e0i ph\u00fat di chuy\u1ec3n. Ngo\u00e0i ra, Kim \u0110\u00f4 \u2013 Royal Hotel Saigon ch\u1ec9 c\u00e1ch s\u00e2n bay qu\u1ed1c t\u1ebf T\u00e2n S\u01a1n Nh\u1ea5t kh\u1ecfang 7 km v\u00e0 m\u1ea5t kho\u1ea3ng 30 ph\u00fat di chuy\u1ec3n b\u1eb1ng xe h\u01a1i.<\/p>\n","protected":false},"author":1,"featured_media":3540,"parent":0,"menu_order":0,"comment_status":"closed","ping_status":"closed","template":"page-home.php","meta":{"footnotes":""},"class_list":["post-478","page","type-page","status-publish","has-post-thumbnail","hentry"],"acf":[],"_links":{"self":[{"href":"https:\/\/royalhotelsaigon.com\/vi\/wp-json\/wp\/v2\/pages\/478","targetHints":{"allow":["GET"]}}],"collection":[{"href":"https:\/\/royalhotelsaigon.com\/vi\/wp-json\/wp\/v2\/pages"}],"about":[{"href":"https:\/\/royalhotelsaigon.com\/vi\/wp-json\/wp\/v2\/types\/page"}],"author":[{"embeddable":true,"href":"https:\/\/royalhotelsaigon.com\/vi\/wp-json\/wp\/v2\/users\/1"}],"replies":[{"embeddable":true,"href":"https:\/\/royalhotelsaigon.com\/vi\/wp-json\/wp\/v2\/comments?post=478"}],"version-history":[{"count":104,"href":"https:\/\/royalhotelsaigon.com\/vi\/wp-json\/wp\/v2\/pages\/478\/revisions"}],"predecessor-version":[{"id":4384,"href":"https:\/\/royalhotelsaigon.com\/vi\/wp-json\/wp\/v2\/pages\/478\/revisions\/4384"}],"wp:featuredmedia":[{"embeddable":true,"href":"https:\/\/royalhotelsaigon.com\/vi\/wp-json\/wp\/v2\/media\/3540"}],"wp:attachment":[{"href":"https:\/\/royalhotelsaigon.com\/vi\/wp-json\/wp\/v2\/media?parent=478"}],"curies":[{"name":"wp","href":"https:\/\/api.w.org\/{rel}","templated":true}]}}