{"id":955,"date":"2023-11-07T08:52:07","date_gmt":"2023-11-07T01:52:07","guid":{"rendered":"https:\/\/38904.phuha.vinawebsite.vn\/spa\/"},"modified":"2025-12-05T10:31:48","modified_gmt":"2025-12-05T03:31:48","slug":"jacuzzi-sauna-steam-bath","status":"publish","type":"page","link":"https:\/\/royalhotelsaigon.com\/vi\/jacuzzi-sauna-steam-bath\/","title":{"rendered":"JACUZZI, SAUNA &#038; STEAM BATH"},"content":{"rendered":"<p>N\u1eb1m t\u1ea1i t\u1ea7ng m\u1ed9t c\u1ee7a kh\u00e1ch s\u1ea1n, khu v\u1ef1c Jacuzzi, sauna v\u00e0 ph\u00f2ng x\u00f4ng h\u01a1i mang \u0111\u1ebfn kh\u00f4ng gian th\u01b0 gi\u00e3n gi\u00fap du kh\u00e1ch l\u00e0m d\u1ecbu c\u01a1 b\u1eafp, th\u1ea3 l\u1ecfng trong m\u00f4i tr\u01b0\u1eddng nhi\u1ec7t kh\u00f4 ho\u1eb7c \u1ea9m, v\u00e0 t\u1eadn h\u01b0\u1edfng tr\u1ea3i nghi\u1ec7m ph\u1ee5c h\u1ed3i c\u01a1 th\u1ec3.<\/p>\n","protected":false},"excerpt":{"rendered":"<p>N\u1eb1m t\u1ea1i t\u1ea7ng m\u1ed9t c\u1ee7a kh\u00e1ch s\u1ea1n, khu v\u1ef1c Jacuzzi, sauna v\u00e0 ph\u00f2ng x\u00f4ng h\u01a1i mang \u0111\u1ebfn kh\u00f4ng gian th\u01b0 gi\u00e3n gi\u00fap du kh\u00e1ch l\u00e0m d\u1ecbu c\u01a1 b\u1eafp, th\u1ea3 l\u1ecfng trong m\u00f4i tr\u01b0\u1eddng nhi\u1ec7t kh\u00f4 ho\u1eb7c \u1ea9m, v\u00e0 t\u1eadn h\u01b0\u1edfng tr\u1ea3i nghi\u1ec7m ph\u1ee5c h\u1ed3i c\u01a1 th\u1ec3.<\/p>\n","protected":false},"author":1,"featured_media":4268,"parent":0,"menu_order":0,"comment_status":"closed","ping_status":"closed","template":"page-spa.php","meta":{"footnotes":""},"class_list":["post-955","page","type-page","status-publish","has-post-thumbnail","hentry"],"acf":[],"_links":{"self":[{"href":"https:\/\/royalhotelsaigon.com\/vi\/wp-json\/wp\/v2\/pages\/955","targetHints":{"allow":["GET"]}}],"collection":[{"href":"https:\/\/royalhotelsaigon.com\/vi\/wp-json\/wp\/v2\/pages"}],"about":[{"href":"https:\/\/royalhotelsaigon.com\/vi\/wp-json\/wp\/v2\/types\/page"}],"author":[{"embeddable":true,"href":"https:\/\/royalhotelsaigon.com\/vi\/wp-json\/wp\/v2\/users\/1"}],"replies":[{"embeddable":true,"href":"https:\/\/royalhotelsaigon.com\/vi\/wp-json\/wp\/v2\/comments?post=955"}],"version-history":[{"count":7,"href":"https:\/\/royalhotelsaigon.com\/vi\/wp-json\/wp\/v2\/pages\/955\/revisions"}],"predecessor-version":[{"id":4272,"href":"https:\/\/royalhotelsaigon.com\/vi\/wp-json\/wp\/v2\/pages\/955\/revisions\/4272"}],"wp:featuredmedia":[{"embeddable":true,"href":"https:\/\/royalhotelsaigon.com\/vi\/wp-json\/wp\/v2\/media\/4268"}],"wp:attachment":[{"href":"https:\/\/royalhotelsaigon.com\/vi\/wp-json\/wp\/v2\/media?parent=955"}],"curies":[{"name":"wp","href":"https:\/\/api.w.org\/{rel}","templated":true}]}}