{"id":958,"date":"2023-11-08T08:59:27","date_gmt":"2023-11-08T01:59:27","guid":{"rendered":"https:\/\/38904.phuha.vinawebsite.vn\/car-rental\/"},"modified":"2024-07-13T09:58:41","modified_gmt":"2024-07-13T02:58:41","slug":"dich-vu-dua-don-san-bay","status":"publish","type":"page","link":"https:\/\/royalhotelsaigon.com\/vi\/dich-vu-dua-don-san-bay\/","title":{"rendered":"D\u1ecbch v\u1ee5 \u0111\u01b0a \u0111\u00f3n s\u00e2n bay"},"content":{"rendered":"","protected":false},"excerpt":{"rendered":"<p>D\u1ecbch v\u1ee5 xe c\u1ee7a kh\u00e1ch s\u1ea1n lu\u00f4n ho\u1ea1t \u0111\u1ed9ng 24\/7 v\u00e0 \u0111a d\u1ea1ng c\u00e1c lo\u1ea1i xe t\u1eeb xe 4 ch\u1ed7 cho \u0111\u1ebfn xe 16 ch\u1ed7<\/p>\n","protected":false},"author":1,"featured_media":849,"parent":0,"menu_order":0,"comment_status":"closed","ping_status":"closed","template":"page-spa.php","meta":{"footnotes":""},"class_list":["post-958","page","type-page","status-publish","has-post-thumbnail","hentry"],"acf":[],"_links":{"self":[{"href":"https:\/\/royalhotelsaigon.com\/vi\/wp-json\/wp\/v2\/pages\/958","targetHints":{"allow":["GET"]}}],"collection":[{"href":"https:\/\/royalhotelsaigon.com\/vi\/wp-json\/wp\/v2\/pages"}],"about":[{"href":"https:\/\/royalhotelsaigon.com\/vi\/wp-json\/wp\/v2\/types\/page"}],"author":[{"embeddable":true,"href":"https:\/\/royalhotelsaigon.com\/vi\/wp-json\/wp\/v2\/users\/1"}],"replies":[{"embeddable":true,"href":"https:\/\/royalhotelsaigon.com\/vi\/wp-json\/wp\/v2\/comments?post=958"}],"version-history":[{"count":9,"href":"https:\/\/royalhotelsaigon.com\/vi\/wp-json\/wp\/v2\/pages\/958\/revisions"}],"predecessor-version":[{"id":3248,"href":"https:\/\/royalhotelsaigon.com\/vi\/wp-json\/wp\/v2\/pages\/958\/revisions\/3248"}],"wp:featuredmedia":[{"embeddable":true,"href":"https:\/\/royalhotelsaigon.com\/vi\/wp-json\/wp\/v2\/media\/849"}],"wp:attachment":[{"href":"https:\/\/royalhotelsaigon.com\/vi\/wp-json\/wp\/v2\/media?parent=958"}],"curies":[{"name":"wp","href":"https:\/\/api.w.org\/{rel}","templated":true}]}}